{"id":1475,"date":"2024-10-15T01:16:08","date_gmt":"2024-10-15T06:16:08","guid":{"rendered":"https:\/\/forpetec.com\/?post_type=product&#038;p=1475"},"modified":"2026-02-12T02:34:55","modified_gmt":"2026-02-12T07:34:55","slug":"mini-strober-v1-1-unidad","status":"publish","type":"product","link":"https:\/\/www.forpetec.com\/es\/product\/mini-strober-v1-1-unidad\/","title":{"rendered":"Luz de posici\u00f3n estrobosc\u00f3pica compacta \u2013 1 unid \u2013 Mini Strober v1"},"content":{"rendered":"<p><strong><em>*Env\u00edos Internacionales: Debido a restricciones en el servicio postal disponible por la bater\u00eda que incorpora este producto, solo est\u00e1 disponible para env\u00edos dentro de Colombia.<\/em><\/strong><\/p>\n<p>Esta unidad es la versi\u00f3n compacta de nuestro m\u00f3dulo Strober v1. Consiste en un m\u00f3dulo con leds de 1w de alto brillo que incorpora 2 luces de color fijo (rojo o verde) y 2 color blanco con funci\u00f3n de luz estrobosc\u00f3pica (strober). Es un elemento bastante \u00fatil para facilitar la localizaci\u00f3n y posici\u00f3n en condiciones de poca luz y puede ser instalado en una variedad de aerodinos (aviones ultralivianos, parapentes, paramotores, ala delta, trikes, aeromodelos, drones) o en otras aplicaciones: automovil, motocicleta, bicicleta o senderismo.<\/p>\n<p>El m\u00f3dulo incorpora una bater\u00eda Lipo de 4.2V 600mA lo que proporciona una autonom\u00eda aproximada de 12 hrs y es recargable por usb mini (cable incluido). La carcasa es en material PETG transparente y proporciona resistencia en un dise\u00f1o ligero. Este set incluye 1 correa en micro velcro para f\u00e1cil instalaci\u00f3n.<\/p>\n<p>Incluye:<\/p>\n<ul>\n<li>1 M\u00f3dulo de Luz de posici\u00f3n estrobosc\u00f3pica. <em>Recuerda indicar el color de luz en la nota del pedido (rojo o verde).<\/em><\/li>\n<li>1 Correa de micro velcro<\/li>\n<li>1 Cable de carga usb a micro-usb<\/li>\n<li>Manual de usuario<\/li>\n<\/ul>\n<p>Dimensiones del m\u00f3dulo: 39mm (L) x 37mm (W) x 23mm (H).<\/p>\n<p>Peso del m\u00f3dulo (bater\u00eda incorporada): 28 g<\/p>\n<p><em>Nota: Este m\u00f3dulo soporta salpicaduras, no es sumergible. <\/em><\/p>\n","protected":false},"excerpt":{"rendered":"<p>Luz de posici\u00f3n strober \/ estrobosc\u00f3pica.<\/p>\n","protected":false},"featured_media":5877,"template":"","meta":{"site-sidebar-layout":"default","site-content-layout":"","ast-site-content-layout":"default","site-content-style":"default","site-sidebar-style":"default","ast-global-header-display":"","ast-banner-title-visibility":"","ast-main-header-display":"","ast-hfb-above-header-display":"","ast-hfb-below-header-display":"","ast-hfb-mobile-header-display":"","site-post-title":"","ast-breadcrumbs-content":"","ast-featured-img":"","footer-sml-layout":"","ast-disable-related-posts":"","theme-transparent-header-meta":"default","adv-header-id-meta":"","stick-header-meta":"","header-above-stick-meta":"","header-main-stick-meta":"","header-below-stick-meta":"","astra-migrate-meta-layouts":"set","ast-page-background-enabled":"default","ast-page-background-meta":{"desktop":{"background-color":"var(--ast-global-color-4)","background-image":"","background-repeat":"repeat","background-position":"center center","background-size":"auto","background-attachment":"scroll","background-type":"","background-media":"","overlay-type":"","overlay-color":"","overlay-opacity":"","overlay-gradient":""},"tablet":{"background-color":"","background-image":"","background-repeat":"repeat","background-position":"center center","background-size":"auto","background-attachment":"scroll","background-type":"","background-media":"","overlay-type":"","overlay-color":"","overlay-opacity":"","overlay-gradient":""},"mobile":{"background-color":"","background-image":"","background-repeat":"repeat","background-position":"center center","background-size":"auto","background-attachment":"scroll","background-type":"","background-media":"","overlay-type":"","overlay-color":"","overlay-opacity":"","overlay-gradient":""}},"ast-content-background-meta":{"desktop":{"background-color":"var(--ast-global-color-5)","background-image":"","background-repeat":"repeat","background-position":"center center","background-size":"auto","background-attachment":"scroll","background-type":"","background-media":"","overlay-type":"","overlay-color":"","overlay-opacity":"","overlay-gradient":""},"tablet":{"background-color":"var(--ast-global-color-5)","background-image":"","background-repeat":"repeat","background-position":"center center","background-size":"auto","background-attachment":"scroll","background-type":"","background-media":"","overlay-type":"","overlay-color":"","overlay-opacity":"","overlay-gradient":""},"mobile":{"background-color":"var(--ast-global-color-5)","background-image":"","background-repeat":"repeat","background-position":"center center","background-size":"auto","background-attachment":"scroll","background-type":"","background-media":"","overlay-type":"","overlay-color":"","overlay-opacity":"","overlay-gradient":""}}},"product_brand":[],"product_cat":[48],"product_tag":[],"class_list":{"0":"post-1475","1":"product","2":"type-product","3":"status-publish","4":"has-post-thumbnail","6":"product_cat-accesorios","7":"product_shipping_class-item-0250g","8":"desktop-align-left","9":"tablet-align-left","10":"mobile-align-left","12":"first","13":"instock","14":"taxable","15":"shipping-taxable","16":"purchasable","17":"product-type-simple"},"_links":{"self":[{"href":"https:\/\/www.forpetec.com\/es\/wp-json\/wp\/v2\/product\/1475","targetHints":{"allow":["GET"]}}],"collection":[{"href":"https:\/\/www.forpetec.com\/es\/wp-json\/wp\/v2\/product"}],"about":[{"href":"https:\/\/www.forpetec.com\/es\/wp-json\/wp\/v2\/types\/product"}],"wp:featuredmedia":[{"embeddable":true,"href":"https:\/\/www.forpetec.com\/es\/wp-json\/wp\/v2\/media\/5877"}],"wp:attachment":[{"href":"https:\/\/www.forpetec.com\/es\/wp-json\/wp\/v2\/media?parent=1475"}],"wp:term":[{"taxonomy":"product_brand","embeddable":true,"href":"https:\/\/www.forpetec.com\/es\/wp-json\/wp\/v2\/product_brand?post=1475"},{"taxonomy":"product_cat","embeddable":true,"href":"https:\/\/www.forpetec.com\/es\/wp-json\/wp\/v2\/product_cat?post=1475"},{"taxonomy":"product_tag","embeddable":true,"href":"https:\/\/www.forpetec.com\/es\/wp-json\/wp\/v2\/product_tag?post=1475"}],"curies":[{"name":"wp","href":"https:\/\/api.w.org\/{rel}","templated":true}]}}