{"id":1528,"date":"2024-12-24T07:00:32","date_gmt":"2024-12-24T12:00:32","guid":{"rendered":"https:\/\/forpetec.com\/?post_type=product&#038;p=1528"},"modified":"2026-02-12T02:34:56","modified_gmt":"2026-02-12T07:34:56","slug":"luz-de-posicion-estroboscopica-par-strober-v1","status":"publish","type":"product","link":"https:\/\/www.forpetec.com\/es\/product\/luz-de-posicion-estroboscopica-par-strober-v1\/","title":{"rendered":"Luz de posici\u00f3n estrobosc\u00f3pica &#8211; Par &#8211; Strober v1"},"content":{"rendered":"<p>Consiste en 2 m\u00f3dulos con leds de 1w de alto brillo que incorpora 2 luces de color fijo (rojo y verde) y 2 color blanco con funci\u00f3n de luz estrobosc\u00f3pica (strober). Es un elemento bastante \u00fatil para facilitar la localizaci\u00f3n y posici\u00f3n en condiciones de poca luz y puede ser instalado en una variedad de aerodinos (aviones ultralivianos, parapentes, paramotores, ala delta, trikes, aeromodelos, drones) o en otras aplicaciones: automovil, motocicleta, bicicleta o senderismo.<\/p>\n<p>Cada m\u00f3dulo est\u00e1 dise\u00f1ado para una bater\u00eda tipo Li-ion 18650 de 4.2V (no incluida), su autonom\u00eda depender\u00e1 de la capacidad de la bater\u00eda a instalar (10hrs aproximadamente para una bater\u00eda de 2000mAh). Adem\u00e1s, incorpora un cargador para bater\u00edas de 1 celda Li-ion con conexi\u00f3n micro-usb (cable micro-usb incluido) y su carcasa en material PETG cuenta con una tapa para acceder a la bater\u00eda, lo que resulta una gran ventaja al permitir el cambio de \u00e9sta. Este set incluye tambi\u00e9n 2 correas en micro velcro para f\u00e1cil instalaci\u00f3n.<\/p>\n<p>Incluye:<\/p>\n<ul>\n<li>2 M\u00f3dulos de Luz de posici\u00f3n estrobosc\u00f3pica. <em>Recuerda indicar el color de luz (rojo o verde) y de la carcasa (rojo o azul) en la nota del pedido .<\/em><\/li>\n<li>4 Correas de micro velcro<\/li>\n<li>2 Cables de carga usb a micro-usb<\/li>\n<li>Manual de usuario<\/li>\n<\/ul>\n<p><span style=\"font-size: 16px;\">Dimensiones de cada m\u00f3dulo: 81mm (L) x 39mm (W) x 35mm (H).<\/span><\/p>\n<p>Peso de cada m\u00f3dulo sin bater\u00eda Li-ion 18650: 47 g aprox<\/p>\n<p>Peso de cada m\u00f3dulo con bater\u00eda Li-ion 18650 (no incluida): 87g aprox<\/p>\n<p><em>Nota: Estos m\u00f3dulos soportan salpicaduras, no son sumergibles.<\/em><\/p>\n","protected":false},"excerpt":{"rendered":"<p>Luz de posici\u00f3n strober \/ estrobosc\u00f3pica.<\/p>\n","protected":false},"featured_media":5887,"template":"","meta":{"site-sidebar-layout":"default","site-content-layout":"","ast-site-content-layout":"default","site-content-style":"default","site-sidebar-style":"default","ast-global-header-display":"","ast-banner-title-visibility":"","ast-main-header-display":"","ast-hfb-above-header-display":"","ast-hfb-below-header-display":"","ast-hfb-mobile-header-display":"","site-post-title":"","ast-breadcrumbs-content":"","ast-featured-img":"","footer-sml-layout":"","ast-disable-related-posts":"","theme-transparent-header-meta":"default","adv-header-id-meta":"","stick-header-meta":"","header-above-stick-meta":"","header-main-stick-meta":"","header-below-stick-meta":"","astra-migrate-meta-layouts":"set","ast-page-background-enabled":"default","ast-page-background-meta":{"desktop":{"background-color":"var(--ast-global-color-4)","background-image":"","background-repeat":"repeat","background-position":"center center","background-size":"auto","background-attachment":"scroll","background-type":"","background-media":"","overlay-type":"","overlay-color":"","overlay-opacity":"","overlay-gradient":""},"tablet":{"background-color":"","background-image":"","background-repeat":"repeat","background-position":"center center","background-size":"auto","background-attachment":"scroll","background-type":"","background-media":"","overlay-type":"","overlay-color":"","overlay-opacity":"","overlay-gradient":""},"mobile":{"background-color":"","background-image":"","background-repeat":"repeat","background-position":"center center","background-size":"auto","background-attachment":"scroll","background-type":"","background-media":"","overlay-type":"","overlay-color":"","overlay-opacity":"","overlay-gradient":""}},"ast-content-background-meta":{"desktop":{"background-color":"var(--ast-global-color-5)","background-image":"","background-repeat":"repeat","background-position":"center center","background-size":"auto","background-attachment":"scroll","background-type":"","background-media":"","overlay-type":"","overlay-color":"","overlay-opacity":"","overlay-gradient":""},"tablet":{"background-color":"var(--ast-global-color-5)","background-image":"","background-repeat":"repeat","background-position":"center center","background-size":"auto","background-attachment":"scroll","background-type":"","background-media":"","overlay-type":"","overlay-color":"","overlay-opacity":"","overlay-gradient":""},"mobile":{"background-color":"var(--ast-global-color-5)","background-image":"","background-repeat":"repeat","background-position":"center center","background-size":"auto","background-attachment":"scroll","background-type":"","background-media":"","overlay-type":"","overlay-color":"","overlay-opacity":"","overlay-gradient":""}}},"product_brand":[],"product_cat":[48],"product_tag":[],"class_list":{"0":"post-1528","1":"product","2":"type-product","3":"status-publish","4":"has-post-thumbnail","6":"product_cat-accesorios","7":"product_shipping_class-item-0250g","8":"desktop-align-left","9":"tablet-align-left","10":"mobile-align-left","12":"first","13":"instock","14":"taxable","15":"shipping-taxable","16":"purchasable","17":"product-type-simple"},"_links":{"self":[{"href":"https:\/\/www.forpetec.com\/es\/wp-json\/wp\/v2\/product\/1528","targetHints":{"allow":["GET"]}}],"collection":[{"href":"https:\/\/www.forpetec.com\/es\/wp-json\/wp\/v2\/product"}],"about":[{"href":"https:\/\/www.forpetec.com\/es\/wp-json\/wp\/v2\/types\/product"}],"wp:featuredmedia":[{"embeddable":true,"href":"https:\/\/www.forpetec.com\/es\/wp-json\/wp\/v2\/media\/5887"}],"wp:attachment":[{"href":"https:\/\/www.forpetec.com\/es\/wp-json\/wp\/v2\/media?parent=1528"}],"wp:term":[{"taxonomy":"product_brand","embeddable":true,"href":"https:\/\/www.forpetec.com\/es\/wp-json\/wp\/v2\/product_brand?post=1528"},{"taxonomy":"product_cat","embeddable":true,"href":"https:\/\/www.forpetec.com\/es\/wp-json\/wp\/v2\/product_cat?post=1528"},{"taxonomy":"product_tag","embeddable":true,"href":"https:\/\/www.forpetec.com\/es\/wp-json\/wp\/v2\/product_tag?post=1528"}],"curies":[{"name":"wp","href":"https:\/\/api.w.org\/{rel}","templated":true}]}}