{"id":304,"date":"2024-08-05T19:27:27","date_gmt":"2024-08-05T19:27:27","guid":{"rendered":"https:\/\/forpetec.com\/?post_type=product&#038;p=304"},"modified":"2026-02-12T02:38:22","modified_gmt":"2026-02-12T07:38:22","slug":"generadores-de-vortice-caja-de-200-unidades-para-avion-ultraliviano-experimental","status":"publish","type":"product","link":"https:\/\/www.forpetec.com\/es\/product\/generadores-de-vortice-caja-de-200-unidades-para-avion-ultraliviano-experimental\/","title":{"rendered":"Generadores de V\u00f3rtice &#8211; Caja de 200 Unidades para Avi\u00f3n Ultraliviano (no certificado)"},"content":{"rendered":"<p>Los Generadores de V\u00f3rtice son elementos que reducen la velocidad de entrada en p\u00e9rdida, mejoran el desempe\u00f1o del perfil alar y la estabilidad del vuelo, ya que crean micro v\u00f3rtices que previenen el desprendimiento del flujo de aire sobre el ala conservando la sustentaci\u00f3n, reduciendo la velocidad de entrada en p\u00e9rdida y el arrastre aerodin\u00e1mico, sin producir efectos adversos en el comportamiento normal del avi\u00f3n.<\/p>\n<p>Estos elementos tambi\u00e9n se pueden instalar en los estabilizadores vertical y horizontal para mejorar la respuesta de tim\u00f3n y elevador en vuelo lento aprovechando el mismo principio.<\/p>\n<p>Se recomienda su instalaci\u00f3n en alas sin slots, ya que su funci\u00f3n es similar y no agregar\u00e1 una mejora importante a la velocidad de entrada en p\u00e9rdida en esta configuraci\u00f3n.<\/p>\n<p>Nuestros generadores de v\u00f3rtice son fabricados en resina y cuentan con un autoadhesivo en la base de cada elemento para facilitar su instalaci\u00f3n.<\/p>\n<p>Contiene:<\/p>\n<p>&#8211; 200 Unidades de Generadores de V\u00f3rtice: alas (100 unidades) &#8211; estabilizadores (100 unidades).<\/p>\n<p>&#8211; Plantillas para instalaci\u00f3n: Alas (Wingspan 9m (2), 9,5m (2) y 10m (2)) &#8211; Estabilizadores (Vertical (2), Horizontal (2)).<\/p>\n<p>&#8211; Manual de Instalaci\u00f3n<\/p>\n<p>Dimensiones de cada Generador de V\u00f3rtice: 25.4mm (L) x 10mm (A) x 11mm (H).<\/p>\n<p>*<em>Este producto se orienta a instalaci\u00f3n en aviones ultralivianos dentro de la categor\u00eda experimental o no convencional. No cuenta con certificaci\u00f3n que avale su instalaci\u00f3n en aeronaves de otra categor\u00eda.<\/em><\/p>\n","protected":false},"excerpt":{"rendered":"<p>Generadores de V\u00f3rtice \/ Vortex Generators para avi\u00f3n (no certificado).<\/p>\n","protected":false},"featured_media":5851,"template":"","meta":{"site-sidebar-layout":"default","site-content-layout":"","ast-site-content-layout":"default","site-content-style":"default","site-sidebar-style":"default","ast-global-header-display":"","ast-banner-title-visibility":"","ast-main-header-display":"","ast-hfb-above-header-display":"","ast-hfb-below-header-display":"","ast-hfb-mobile-header-display":"","site-post-title":"","ast-breadcrumbs-content":"","ast-featured-img":"","footer-sml-layout":"","ast-disable-related-posts":"","theme-transparent-header-meta":"default","adv-header-id-meta":"","stick-header-meta":"","header-above-stick-meta":"","header-main-stick-meta":"","header-below-stick-meta":"","astra-migrate-meta-layouts":"set","ast-page-background-enabled":"default","ast-page-background-meta":{"desktop":{"background-color":"var(--ast-global-color-4)","background-image":"","background-repeat":"repeat","background-position":"center center","background-size":"auto","background-attachment":"scroll","background-type":"","background-media":"","overlay-type":"","overlay-color":"","overlay-opacity":"","overlay-gradient":""},"tablet":{"background-color":"","background-image":"","background-repeat":"repeat","background-position":"center center","background-size":"auto","background-attachment":"scroll","background-type":"","background-media":"","overlay-type":"","overlay-color":"","overlay-opacity":"","overlay-gradient":""},"mobile":{"background-color":"","background-image":"","background-repeat":"repeat","background-position":"center center","background-size":"auto","background-attachment":"scroll","background-type":"","background-media":"","overlay-type":"","overlay-color":"","overlay-opacity":"","overlay-gradient":""}},"ast-content-background-meta":{"desktop":{"background-color":"var(--ast-global-color-5)","background-image":"","background-repeat":"repeat","background-position":"center center","background-size":"auto","background-attachment":"scroll","background-type":"","background-media":"","overlay-type":"","overlay-color":"","overlay-opacity":"","overlay-gradient":""},"tablet":{"background-color":"var(--ast-global-color-5)","background-image":"","background-repeat":"repeat","background-position":"center center","background-size":"auto","background-attachment":"scroll","background-type":"","background-media":"","overlay-type":"","overlay-color":"","overlay-opacity":"","overlay-gradient":""},"mobile":{"background-color":"var(--ast-global-color-5)","background-image":"","background-repeat":"repeat","background-position":"center center","background-size":"auto","background-attachment":"scroll","background-type":"","background-media":"","overlay-type":"","overlay-color":"","overlay-opacity":"","overlay-gradient":""}}},"product_brand":[],"product_cat":[22],"product_tag":[],"class_list":{"0":"post-304","1":"product","2":"type-product","3":"status-publish","4":"has-post-thumbnail","6":"product_cat-generadores-de-vortice","7":"product_shipping_class-item-0500g","8":"desktop-align-left","9":"tablet-align-left","10":"mobile-align-left","12":"first","13":"instock","14":"taxable","15":"shipping-taxable","16":"purchasable","17":"product-type-simple"},"_links":{"self":[{"href":"https:\/\/www.forpetec.com\/es\/wp-json\/wp\/v2\/product\/304","targetHints":{"allow":["GET"]}}],"collection":[{"href":"https:\/\/www.forpetec.com\/es\/wp-json\/wp\/v2\/product"}],"about":[{"href":"https:\/\/www.forpetec.com\/es\/wp-json\/wp\/v2\/types\/product"}],"wp:featuredmedia":[{"embeddable":true,"href":"https:\/\/www.forpetec.com\/es\/wp-json\/wp\/v2\/media\/5851"}],"wp:attachment":[{"href":"https:\/\/www.forpetec.com\/es\/wp-json\/wp\/v2\/media?parent=304"}],"wp:term":[{"taxonomy":"product_brand","embeddable":true,"href":"https:\/\/www.forpetec.com\/es\/wp-json\/wp\/v2\/product_brand?post=304"},{"taxonomy":"product_cat","embeddable":true,"href":"https:\/\/www.forpetec.com\/es\/wp-json\/wp\/v2\/product_cat?post=304"},{"taxonomy":"product_tag","embeddable":true,"href":"https:\/\/www.forpetec.com\/es\/wp-json\/wp\/v2\/product_tag?post=304"}],"curies":[{"name":"wp","href":"https:\/\/api.w.org\/{rel}","templated":true}]}}