{"id":489,"date":"2024-08-09T08:10:17","date_gmt":"2024-08-09T08:10:17","guid":{"rendered":"https:\/\/forpetec.com\/?post_type=product&#038;p=489"},"modified":"2026-02-12T02:38:30","modified_gmt":"2026-02-12T07:38:30","slug":"escobilla-para-control-de-paso-de-helice","status":"publish","type":"product","link":"https:\/\/www.forpetec.com\/es\/product\/escobilla-para-control-de-paso-de-helice\/","title":{"rendered":"Escobilla para h\u00e9lice de paso variable v3.1"},"content":{"rendered":"<p>Escobilla cobrizada para h\u00e9lice de paso variable para Avi\u00f3n Ultraliviano experimental\/no convencional.<\/p>\n<p>Esta versi\u00f3n 3.1 cuenta con un porta escobillas fabricado en resina, lo cual mejora su resistencia a la temperatura, facilita el deslizamiento interno de las escobillas y cuenta con mirillas para inspeccionar el desgaste de estas, sin necesidad de desmontarlas. Es compatible con h\u00e9lices Ivoprop medium y light.<\/p>\n<p>Contiene:<\/p>\n<p>&#8211; 1 Escobilla cobrizada ensamblada en porta escobilla v3.1.<\/p>\n<p>Dimensiones de porta escobilla: 28mm (L) x 14mm (A) x 36mm (H)<\/p>\n<p>Dimensiones de escobilla: 4.78mm (L) x 3.8mm (A) x 10mm (H)<\/p>\n<p>Tipo de conector: Faston (hembra)<\/p>\n<p>Tornillos: Inox 3x10mm bristol.<\/p>\n","protected":false},"excerpt":{"rendered":"<p>Escobilla para h\u00e9lice de paso variable.<\/p>\n","protected":false},"featured_media":5836,"template":"","meta":{"site-sidebar-layout":"default","site-content-layout":"","ast-site-content-layout":"default","site-content-style":"default","site-sidebar-style":"default","ast-global-header-display":"","ast-banner-title-visibility":"","ast-main-header-display":"","ast-hfb-above-header-display":"","ast-hfb-below-header-display":"","ast-hfb-mobile-header-display":"","site-post-title":"","ast-breadcrumbs-content":"","ast-featured-img":"","footer-sml-layout":"","ast-disable-related-posts":"","theme-transparent-header-meta":"default","adv-header-id-meta":"","stick-header-meta":"","header-above-stick-meta":"","header-main-stick-meta":"","header-below-stick-meta":"","astra-migrate-meta-layouts":"set","ast-page-background-enabled":"default","ast-page-background-meta":{"desktop":{"background-color":"var(--ast-global-color-4)","background-image":"","background-repeat":"repeat","background-position":"center center","background-size":"auto","background-attachment":"scroll","background-type":"","background-media":"","overlay-type":"","overlay-color":"","overlay-opacity":"","overlay-gradient":""},"tablet":{"background-color":"","background-image":"","background-repeat":"repeat","background-position":"center center","background-size":"auto","background-attachment":"scroll","background-type":"","background-media":"","overlay-type":"","overlay-color":"","overlay-opacity":"","overlay-gradient":""},"mobile":{"background-color":"","background-image":"","background-repeat":"repeat","background-position":"center center","background-size":"auto","background-attachment":"scroll","background-type":"","background-media":"","overlay-type":"","overlay-color":"","overlay-opacity":"","overlay-gradient":""}},"ast-content-background-meta":{"desktop":{"background-color":"var(--ast-global-color-5)","background-image":"","background-repeat":"repeat","background-position":"center center","background-size":"auto","background-attachment":"scroll","background-type":"","background-media":"","overlay-type":"","overlay-color":"","overlay-opacity":"","overlay-gradient":""},"tablet":{"background-color":"var(--ast-global-color-5)","background-image":"","background-repeat":"repeat","background-position":"center center","background-size":"auto","background-attachment":"scroll","background-type":"","background-media":"","overlay-type":"","overlay-color":"","overlay-opacity":"","overlay-gradient":""},"mobile":{"background-color":"var(--ast-global-color-5)","background-image":"","background-repeat":"repeat","background-position":"center center","background-size":"auto","background-attachment":"scroll","background-type":"","background-media":"","overlay-type":"","overlay-color":"","overlay-opacity":"","overlay-gradient":""}}},"product_brand":[],"product_cat":[48],"product_tag":[],"class_list":{"0":"post-489","1":"product","2":"type-product","3":"status-publish","4":"has-post-thumbnail","6":"product_cat-accesorios","7":"product_shipping_class-item-0100g","8":"desktop-align-left","9":"tablet-align-left","10":"mobile-align-left","12":"first","13":"instock","14":"taxable","15":"shipping-taxable","16":"purchasable","17":"product-type-simple"},"_links":{"self":[{"href":"https:\/\/www.forpetec.com\/es\/wp-json\/wp\/v2\/product\/489","targetHints":{"allow":["GET"]}}],"collection":[{"href":"https:\/\/www.forpetec.com\/es\/wp-json\/wp\/v2\/product"}],"about":[{"href":"https:\/\/www.forpetec.com\/es\/wp-json\/wp\/v2\/types\/product"}],"wp:featuredmedia":[{"embeddable":true,"href":"https:\/\/www.forpetec.com\/es\/wp-json\/wp\/v2\/media\/5836"}],"wp:attachment":[{"href":"https:\/\/www.forpetec.com\/es\/wp-json\/wp\/v2\/media?parent=489"}],"wp:term":[{"taxonomy":"product_brand","embeddable":true,"href":"https:\/\/www.forpetec.com\/es\/wp-json\/wp\/v2\/product_brand?post=489"},{"taxonomy":"product_cat","embeddable":true,"href":"https:\/\/www.forpetec.com\/es\/wp-json\/wp\/v2\/product_cat?post=489"},{"taxonomy":"product_tag","embeddable":true,"href":"https:\/\/www.forpetec.com\/es\/wp-json\/wp\/v2\/product_tag?post=489"}],"curies":[{"name":"wp","href":"https:\/\/api.w.org\/{rel}","templated":true}]}}