{"id":495,"date":"2024-08-09T20:12:44","date_gmt":"2024-08-09T20:12:44","guid":{"rendered":"https:\/\/forpetec.com\/?post_type=product&#038;p=495"},"modified":"2026-02-12T02:27:56","modified_gmt":"2026-02-12T07:27:56","slug":"wheel-chocks-13-cm-para-avion-1-set-amarillo","status":"publish","type":"product","link":"https:\/\/www.forpetec.com\/es\/product\/wheel-chocks-13-cm-para-avion-1-set-amarillo\/","title":{"rendered":"Wheel Chocks 13 cm para Avi\u00f3n \u2013 1 set &#8211; Amarillo"},"content":{"rendered":"<p>Esta es nuestra versi\u00f3n ligera de Wheel Chocks (cu\u00f1as\/tacos) para Aviones Ultralivianos, es un set que consta de 2 piezas fabricadas en material PETG. Est\u00e1n unidas por una cuerda el\u00e1stica con ganchos met\u00e1licos. Cada una cuenta con dos gomas antideslizantes fabricadas en TPU, una placa personalizable con la matricula del avi\u00f3n y una cinta micro velcro para facilitar su transporte.<\/p>\n<p>Dimensiones de cada pieza: 13 cm (L) x 9.2 cm (A) x 6 cm (H).<\/p>\n<p>Peso de 1 set (2 piezas): 260 g aprox<\/p>\n<p>Color: Amarillo<\/p>\n<p>*<em>Recuerda indicarnos la identificaci\u00f3n que aparecer\u00e1 en la placa al momento de realizar la compra en la casilla &#8220;A\u00f1ade una nota a tu pedido&#8221;.<\/em><\/p>\n","protected":false},"excerpt":{"rendered":"<p>Wheel Chocks \/ Cu\u00f1as \/ Calzos \/ Tacos para avi\u00f3n.<\/p>\n","protected":false},"featured_media":5907,"template":"","meta":{"site-sidebar-layout":"default","site-content-layout":"","ast-site-content-layout":"default","site-content-style":"default","site-sidebar-style":"default","ast-global-header-display":"","ast-banner-title-visibility":"","ast-main-header-display":"","ast-hfb-above-header-display":"","ast-hfb-below-header-display":"","ast-hfb-mobile-header-display":"","site-post-title":"","ast-breadcrumbs-content":"","ast-featured-img":"","footer-sml-layout":"","ast-disable-related-posts":"","theme-transparent-header-meta":"default","adv-header-id-meta":"","stick-header-meta":"","header-above-stick-meta":"","header-main-stick-meta":"","header-below-stick-meta":"","astra-migrate-meta-layouts":"set","ast-page-background-enabled":"default","ast-page-background-meta":{"desktop":{"background-color":"var(--ast-global-color-4)","background-image":"","background-repeat":"repeat","background-position":"center center","background-size":"auto","background-attachment":"scroll","background-type":"","background-media":"","overlay-type":"","overlay-color":"","overlay-opacity":"","overlay-gradient":""},"tablet":{"background-color":"","background-image":"","background-repeat":"repeat","background-position":"center center","background-size":"auto","background-attachment":"scroll","background-type":"","background-media":"","overlay-type":"","overlay-color":"","overlay-opacity":"","overlay-gradient":""},"mobile":{"background-color":"","background-image":"","background-repeat":"repeat","background-position":"center center","background-size":"auto","background-attachment":"scroll","background-type":"","background-media":"","overlay-type":"","overlay-color":"","overlay-opacity":"","overlay-gradient":""}},"ast-content-background-meta":{"desktop":{"background-color":"var(--ast-global-color-5)","background-image":"","background-repeat":"repeat","background-position":"center center","background-size":"auto","background-attachment":"scroll","background-type":"","background-media":"","overlay-type":"","overlay-color":"","overlay-opacity":"","overlay-gradient":""},"tablet":{"background-color":"var(--ast-global-color-5)","background-image":"","background-repeat":"repeat","background-position":"center center","background-size":"auto","background-attachment":"scroll","background-type":"","background-media":"","overlay-type":"","overlay-color":"","overlay-opacity":"","overlay-gradient":""},"mobile":{"background-color":"var(--ast-global-color-5)","background-image":"","background-repeat":"repeat","background-position":"center center","background-size":"auto","background-attachment":"scroll","background-type":"","background-media":"","overlay-type":"","overlay-color":"","overlay-opacity":"","overlay-gradient":""}}},"product_brand":[],"product_cat":[51],"product_tag":[],"class_list":{"0":"post-495","1":"product","2":"type-product","3":"status-publish","4":"has-post-thumbnail","6":"product_cat-wheel-chocks-13cm","7":"product_shipping_class-item-0500g","8":"desktop-align-left","9":"tablet-align-left","10":"mobile-align-left","12":"first","13":"instock","14":"taxable","15":"shipping-taxable","16":"purchasable","17":"product-type-simple"},"_links":{"self":[{"href":"https:\/\/www.forpetec.com\/es\/wp-json\/wp\/v2\/product\/495","targetHints":{"allow":["GET"]}}],"collection":[{"href":"https:\/\/www.forpetec.com\/es\/wp-json\/wp\/v2\/product"}],"about":[{"href":"https:\/\/www.forpetec.com\/es\/wp-json\/wp\/v2\/types\/product"}],"wp:featuredmedia":[{"embeddable":true,"href":"https:\/\/www.forpetec.com\/es\/wp-json\/wp\/v2\/media\/5907"}],"wp:attachment":[{"href":"https:\/\/www.forpetec.com\/es\/wp-json\/wp\/v2\/media?parent=495"}],"wp:term":[{"taxonomy":"product_brand","embeddable":true,"href":"https:\/\/www.forpetec.com\/es\/wp-json\/wp\/v2\/product_brand?post=495"},{"taxonomy":"product_cat","embeddable":true,"href":"https:\/\/www.forpetec.com\/es\/wp-json\/wp\/v2\/product_cat?post=495"},{"taxonomy":"product_tag","embeddable":true,"href":"https:\/\/www.forpetec.com\/es\/wp-json\/wp\/v2\/product_tag?post=495"}],"curies":[{"name":"wp","href":"https:\/\/api.w.org\/{rel}","templated":true}]}}