{"id":512,"date":"2024-08-09T20:41:52","date_gmt":"2024-08-09T20:41:52","guid":{"rendered":"https:\/\/forpetec.com\/?post_type=product&#038;p=512"},"modified":"2026-02-12T02:22:10","modified_gmt":"2026-02-12T07:22:10","slug":"wheel-chocks-25-cm-para-avion-1-set-amarillo","status":"publish","type":"product","link":"https:\/\/www.forpetec.com\/es\/product\/wheel-chocks-25-cm-para-avion-1-set-amarillo\/","title":{"rendered":"Wheel Chocks 25 cm para Avi\u00f3n &#8211; 1 set &#8211; Amarillo"},"content":{"rendered":"<div class=\"wb-store-field\">\n<div class=\"wb-store-label\"><span style=\"font-size: 16px;\">Set de 2 piezas fabricadas en material PETG. Est\u00e1n unidas por una cuerda el\u00e1stica con ganchos met\u00e1licos. Cada una cuenta con placa personalizable con la matricula del avi\u00f3n.<\/span><\/div>\n<\/div>\n<div>\n<p>Color: Amarillo.<\/p>\n<p>Dimensiones: 25\u00a0cm x 17,5\u00a0cm x 11,5\u00a0cm<\/p>\n<p>Peso 1 set: 1.400\u00a0g aprox<\/p>\n<p>*<em>Recuerda indicarnos la identificaci\u00f3n que aparecer\u00e1 en la placa para los Wheel Chocks al momento de realizar la compra en la casilla \u201cA\u00f1ade una nota a tu pedido\u201d.<\/em><\/p>\n<\/div>\n","protected":false},"excerpt":{"rendered":"<p>Wheel Chocks \/ Cu\u00f1as \/ Calzos \/ Tacos para avi\u00f3n.<\/p>\n","protected":false},"featured_media":5914,"template":"","meta":{"site-sidebar-layout":"default","site-content-layout":"","ast-site-content-layout":"default","site-content-style":"default","site-sidebar-style":"default","ast-global-header-display":"","ast-banner-title-visibility":"","ast-main-header-display":"","ast-hfb-above-header-display":"","ast-hfb-below-header-display":"","ast-hfb-mobile-header-display":"","site-post-title":"","ast-breadcrumbs-content":"","ast-featured-img":"","footer-sml-layout":"","ast-disable-related-posts":"","theme-transparent-header-meta":"default","adv-header-id-meta":"","stick-header-meta":"","header-above-stick-meta":"","header-main-stick-meta":"","header-below-stick-meta":"","astra-migrate-meta-layouts":"set","ast-page-background-enabled":"default","ast-page-background-meta":{"desktop":{"background-color":"var(--ast-global-color-4)","background-image":"","background-repeat":"repeat","background-position":"center center","background-size":"auto","background-attachment":"scroll","background-type":"","background-media":"","overlay-type":"","overlay-color":"","overlay-opacity":"","overlay-gradient":""},"tablet":{"background-color":"","background-image":"","background-repeat":"repeat","background-position":"center center","background-size":"auto","background-attachment":"scroll","background-type":"","background-media":"","overlay-type":"","overlay-color":"","overlay-opacity":"","overlay-gradient":""},"mobile":{"background-color":"","background-image":"","background-repeat":"repeat","background-position":"center center","background-size":"auto","background-attachment":"scroll","background-type":"","background-media":"","overlay-type":"","overlay-color":"","overlay-opacity":"","overlay-gradient":""}},"ast-content-background-meta":{"desktop":{"background-color":"var(--ast-global-color-5)","background-image":"","background-repeat":"repeat","background-position":"center center","background-size":"auto","background-attachment":"scroll","background-type":"","background-media":"","overlay-type":"","overlay-color":"","overlay-opacity":"","overlay-gradient":""},"tablet":{"background-color":"var(--ast-global-color-5)","background-image":"","background-repeat":"repeat","background-position":"center center","background-size":"auto","background-attachment":"scroll","background-type":"","background-media":"","overlay-type":"","overlay-color":"","overlay-opacity":"","overlay-gradient":""},"mobile":{"background-color":"var(--ast-global-color-5)","background-image":"","background-repeat":"repeat","background-position":"center center","background-size":"auto","background-attachment":"scroll","background-type":"","background-media":"","overlay-type":"","overlay-color":"","overlay-opacity":"","overlay-gradient":""}}},"product_brand":[],"product_cat":[54],"product_tag":[],"class_list":{"0":"post-512","1":"product","2":"type-product","3":"status-publish","4":"has-post-thumbnail","6":"product_cat-wheel-chocks-25cm","7":"product_shipping_class-item-2000g","8":"desktop-align-left","9":"tablet-align-left","10":"mobile-align-left","12":"first","13":"onbackorder","14":"taxable","15":"shipping-taxable","16":"purchasable","17":"product-type-simple"},"_links":{"self":[{"href":"https:\/\/www.forpetec.com\/es\/wp-json\/wp\/v2\/product\/512","targetHints":{"allow":["GET"]}}],"collection":[{"href":"https:\/\/www.forpetec.com\/es\/wp-json\/wp\/v2\/product"}],"about":[{"href":"https:\/\/www.forpetec.com\/es\/wp-json\/wp\/v2\/types\/product"}],"wp:featuredmedia":[{"embeddable":true,"href":"https:\/\/www.forpetec.com\/es\/wp-json\/wp\/v2\/media\/5914"}],"wp:attachment":[{"href":"https:\/\/www.forpetec.com\/es\/wp-json\/wp\/v2\/media?parent=512"}],"wp:term":[{"taxonomy":"product_brand","embeddable":true,"href":"https:\/\/www.forpetec.com\/es\/wp-json\/wp\/v2\/product_brand?post=512"},{"taxonomy":"product_cat","embeddable":true,"href":"https:\/\/www.forpetec.com\/es\/wp-json\/wp\/v2\/product_cat?post=512"},{"taxonomy":"product_tag","embeddable":true,"href":"https:\/\/www.forpetec.com\/es\/wp-json\/wp\/v2\/product_tag?post=512"}],"curies":[{"name":"wp","href":"https:\/\/api.w.org\/{rel}","templated":true}]}}